{"id":43,"date":"2021-04-24T15:51:56","date_gmt":"2021-04-24T15:51:56","guid":{"rendered":"https:\/\/www.quintadoavo.pt\/?page_id=43"},"modified":"2022-02-01T00:48:01","modified_gmt":"2022-02-01T00:48:01","slug":"guided-trecking-walks","status":"publish","type":"page","link":"https:\/\/www.quintadoavo.pt\/pt\/guided-trecking-walks\/","title":{"rendered":"Trilhos na Natureza\/Nature walks"},"content":{"rendered":"<p>Consulte os nossos servi\u00e7os para mais informa\u00e7\u00f5es\/Talk with us for additional information<\/p>\n\n\n\n<p><\/p>\n\n\n\n<figure class=\"wp-block-image size-large\"><img loading=\"lazy\" decoding=\"async\" width=\"1024\" height=\"722\" src=\"https:\/\/www.quintadoavo.pt\/wp-content\/uploads\/2022\/02\/Capa-Calendario-PAC-2022-1024x722.jpg\" alt=\"\" class=\"wp-image-792\" srcset=\"https:\/\/www.quintadoavo.pt\/wp-content\/uploads\/2022\/02\/Capa-Calendario-PAC-2022-1024x722.jpg 1024w, https:\/\/www.quintadoavo.pt\/wp-content\/uploads\/2022\/02\/Capa-Calendario-PAC-2022-300x211.jpg 300w, https:\/\/www.quintadoavo.pt\/wp-content\/uploads\/2022\/02\/Capa-Calendario-PAC-2022-768x541.jpg 768w, https:\/\/www.quintadoavo.pt\/wp-content\/uploads\/2022\/02\/Capa-Calendario-PAC-2022-1536x1083.jpg 1536w, https:\/\/www.quintadoavo.pt\/wp-content\/uploads\/2022\/02\/Capa-Calendario-PAC-2022-2048x1444.jpg 2048w, https:\/\/www.quintadoavo.pt\/wp-content\/uploads\/2022\/02\/Capa-Calendario-PAC-2022-18x12.jpg 18w\" sizes=\"auto, (max-width: 1024px) 100vw, 1024px\" \/><\/figure>\n\n\n\n<figure class=\"wp-block-image size-large\"><img loading=\"lazy\" decoding=\"async\" width=\"1024\" height=\"722\" src=\"https:\/\/www.quintadoavo.pt\/wp-content\/uploads\/2022\/02\/Calendario-PAC-2022-1024x722.jpg\" alt=\"\" class=\"wp-image-793\" srcset=\"https:\/\/www.quintadoavo.pt\/wp-content\/uploads\/2022\/02\/Calendario-PAC-2022-1024x722.jpg 1024w, https:\/\/www.quintadoavo.pt\/wp-content\/uploads\/2022\/02\/Calendario-PAC-2022-300x211.jpg 300w, https:\/\/www.quintadoavo.pt\/wp-content\/uploads\/2022\/02\/Calendario-PAC-2022-768x541.jpg 768w, https:\/\/www.quintadoavo.pt\/wp-content\/uploads\/2022\/02\/Calendario-PAC-2022-1536x1083.jpg 1536w, https:\/\/www.quintadoavo.pt\/wp-content\/uploads\/2022\/02\/Calendario-PAC-2022-2048x1444.jpg 2048w, https:\/\/www.quintadoavo.pt\/wp-content\/uploads\/2022\/02\/Calendario-PAC-2022-18x12.jpg 18w\" sizes=\"auto, (max-width: 1024px) 100vw, 1024px\" \/><\/figure>","protected":false},"excerpt":{"rendered":"<p>Consulte os nossos servi\u00e7os para mais informa\u00e7\u00f5es\/Talk with us for additional information<\/p>","protected":false},"author":13,"featured_media":0,"parent":0,"menu_order":0,"comment_status":"closed","ping_status":"closed","template":"","meta":{"footnotes":""},"class_list":["post-43","page","type-page","status-publish","hentry"],"_links":{"self":[{"href":"https:\/\/www.quintadoavo.pt\/pt\/wp-json\/wp\/v2\/pages\/43","targetHints":{"allow":["GET"]}}],"collection":[{"href":"https:\/\/www.quintadoavo.pt\/pt\/wp-json\/wp\/v2\/pages"}],"about":[{"href":"https:\/\/www.quintadoavo.pt\/pt\/wp-json\/wp\/v2\/types\/page"}],"author":[{"embeddable":true,"href":"https:\/\/www.quintadoavo.pt\/pt\/wp-json\/wp\/v2\/users\/13"}],"replies":[{"embeddable":true,"href":"https:\/\/www.quintadoavo.pt\/pt\/wp-json\/wp\/v2\/comments?post=43"}],"version-history":[{"count":6,"href":"https:\/\/www.quintadoavo.pt\/pt\/wp-json\/wp\/v2\/pages\/43\/revisions"}],"predecessor-version":[{"id":796,"href":"https:\/\/www.quintadoavo.pt\/pt\/wp-json\/wp\/v2\/pages\/43\/revisions\/796"}],"wp:attachment":[{"href":"https:\/\/www.quintadoavo.pt\/pt\/wp-json\/wp\/v2\/media?parent=43"}],"curies":[{"name":"wp","href":"https:\/\/api.w.org\/{rel}","templated":true}]}}